{"id":8,"date":"2024-08-21T19:37:29","date_gmt":"2024-08-21T19:37:29","guid":{"rendered":"https:\/\/ferienwohnung-hammer.com\/?page_id=8"},"modified":"2026-03-13T06:29:00","modified_gmt":"2026-03-13T06:29:00","slug":"willkommen-bei-der-ferienwohnung-hammer","status":"publish","type":"page","link":"https:\/\/ferienwohnung-hammer.com\/","title":{"rendered":"Willkommen bei der Ferienwohnung Hammer"},"content":{"rendered":"\n<h1 class=\"wp-block-heading has-text-align-center\"><mark style=\"background-color:rgba(0, 0, 0, 0);color:#0f0fec\" class=\"has-inline-color\">Willkommen bei der Ferienwohnung Hammer<\/mark><\/h1>\n\n\n\n<figure class=\"wp-block-image size-full\"><img loading=\"lazy\" decoding=\"async\" width=\"666\" height=\"500\" src=\"https:\/\/ferienwohnung-hammer.com\/wp-content\/uploads\/2024\/08\/Haus_W.jpg\" alt=\"\" class=\"wp-image-10\" srcset=\"https:\/\/ferienwohnung-hammer.com\/wp-content\/uploads\/2024\/08\/Haus_W.jpg 666w, https:\/\/ferienwohnung-hammer.com\/wp-content\/uploads\/2024\/08\/Haus_W-300x225.jpg 300w\" sizes=\"auto, (max-width: 666px) 100vw, 666px\" \/><\/figure>\n\n\n\n\n\n<div class=\"wp-block-cover alignwide\" style=\"min-height:701px;aspect-ratio:unset;\"><img loading=\"lazy\" decoding=\"async\" width=\"666\" height=\"500\" class=\"wp-block-cover__image-background wp-image-13\" alt=\"\" src=\"https:\/\/ferienwohnung-hammer.com\/wp-content\/uploads\/2024\/08\/Zimmer_D-1.jpg\" data-object-fit=\"cover\" srcset=\"https:\/\/ferienwohnung-hammer.com\/wp-content\/uploads\/2024\/08\/Zimmer_D-1.jpg 666w, https:\/\/ferienwohnung-hammer.com\/wp-content\/uploads\/2024\/08\/Zimmer_D-1-300x225.jpg 300w\" sizes=\"auto, (max-width: 666px) 100vw, 666px\" \/><span aria-hidden=\"true\" class=\"wp-block-cover__background has-background-dim\"><\/span><div class=\"wp-block-cover__inner-container is-layout-flow wp-block-cover-is-layout-flow\">\n<p class=\"has-text-align-center has-large-font-size\">Was unsere Ferienwohnung besonders macht\u2026<\/p>\n<\/div><\/div>\n\n\n\n<div class=\"wp-block-columns alignwide is-layout-flex wp-container-core-columns-is-layout-28f84493 wp-block-columns-is-layout-flex\">\n<div class=\"wp-block-column is-layout-flow wp-block-column-is-layout-flow\">\n<blockquote class=\"wp-block-quote is-layout-flow wp-block-quote-is-layout-flow\">\n<h2 class=\"wp-block-heading\"><mark style=\"background-color:rgba(0, 0, 0, 0)\" class=\"has-inline-color has-accent-4-color\">Unsere Vision<\/mark><br><mark style=\"background-color:rgba(0, 0, 0, 0);color:#0f0fec\" class=\"has-inline-color\">Unsere Vision ist es, als Familienbetrieb in Gaschurn, allen unseren G\u00e4sten ein einmaliges Erlebnis zu liefern. Deshalb wird f\u00fcr jeden Gast ein individuelles Angebot erstellt, welches perfekt auf Ihre Bed\u00fcrfnisse abgestimmt ist.<\/mark><\/h2>\n<\/blockquote>\n<\/div>\n\n\n\n<div class=\"wp-block-column is-layout-flow wp-block-column-is-layout-flow\">\n<figure class=\"wp-block-image size-full is-resized\"><img loading=\"lazy\" decoding=\"async\" width=\"375\" height=\"500\" src=\"https:\/\/ferienwohnung-hammer.com\/wp-content\/uploads\/2024\/08\/Ausblick_h-1.jpg\" alt=\"\" class=\"wp-image-15\" style=\"width:398px;height:auto\" srcset=\"https:\/\/ferienwohnung-hammer.com\/wp-content\/uploads\/2024\/08\/Ausblick_h-1.jpg 375w, https:\/\/ferienwohnung-hammer.com\/wp-content\/uploads\/2024\/08\/Ausblick_h-1-225x300.jpg 225w\" sizes=\"auto, (max-width: 375px) 100vw, 375px\" \/><\/figure>\n<\/div>\n<\/div>\n\n\n\n<blockquote class=\"wp-block-quote alignwide is-layout-flow wp-block-quote-is-layout-flow\">\n<details class=\"wp-block-details\"><summary><mark style=\"background-color:rgba(0, 0, 0, 0)\" class=\"has-inline-color has-accent-4-color is-layout-flow wp-block-details-is-layout-flow\">Allgemein<\/mark><\/summary>\n<p><mark style=\"background-color:rgba(0, 0, 0, 0);color:#0f0fec\" class=\"has-inline-color\">Unsere Ferienwohnung liegt ruhig oberhalb vom Dorfzentrum Gaschurns. Unsere Ferienwohnung wurde im Jahr 2019 saniert und bietet Ihnen gem\u00fctlichen Wohnkomfort.<br>In zehn Gehminuten und 800 Metern erreichen Sie das Ortszentrum von Gaschurn mit Einkaufsm\u00f6glichkeiten, Bars und Restaurants. Die Bergbahn der Silvretta Montafon ist ca. 900 Meter vom Haus entfernt. In der N\u00e4he befinden sich auch Langlaufloipen und sch\u00f6ne Winterwanderwege.<\/mark><\/p>\n<\/details>\n\n\n\n<details class=\"wp-block-details\"><summary><mark style=\"background-color:rgba(0, 0, 0, 0)\" class=\"has-inline-color has-accent-4-color is-layout-flow wp-block-details-is-layout-flow\">Ausstattung<\/mark><\/summary>\n<p><mark style=\"background-color:rgba(0, 0, 0, 0);color:#0f0fec\" class=\"has-inline-color\">1 Bad mit Dusche und WC (mit F\u00f6n)<br>1 Dusche<br>1 WC<br>Die K\u00fcche ist f\u00fcr 8 Personen eingerichtet (Wasserkocher, Kaffeemaschine, Geschirrsp\u00fcler, Backofen, Ceranfeld-Herd, K\u00fchlschrank) und verf\u00fcgt \u00fcber einen Ess- und Sitzbereich mit Sat- TV und S\u00fcdbalkon<br>Geschirrt\u00fccher, Handt\u00fccher und Bettw\u00e4sche sind vorhanden<br>In der gesamten Wohnung haben Sie gratis WLAN<br>Hochstuhl wird bei Bedarf gerne bereitgestellt<\/mark><\/p>\n<\/details>\n<\/blockquote>\n\n\n\n<blockquote class=\"wp-block-quote alignwide is-layout-flow wp-block-quote-is-layout-flow\">\n<p class=\"has-text-align-center\"><mark style=\"background-color:rgba(0, 0, 0, 0)\" class=\"has-inline-color has-accent-4-color\">Unsere R\u00e4ume:<\/mark><\/p>\n<\/blockquote>\n\n\n\n<blockquote class=\"wp-block-quote alignwide is-layout-flow wp-block-quote-is-layout-flow\">\n<details class=\"wp-block-details\"><summary><mark style=\"background-color:rgba(0, 0, 0, 0)\" class=\"has-inline-color has-accent-4-color is-layout-flow wp-block-details-is-layout-flow\">Engelzimmer<\/mark><\/summary>\n<p><mark style=\"background-color:rgba(0, 0, 0, 0);color:#0f0fec\" class=\"has-inline-color\">Im Engelzimmer haben sie einen wundersch\u00f6nen Blick aufs Dorf Gaschurn.<br>In diesem Raum finden sie ein Doppelbett, ein Waschbecken sowie einen Zugang zum Westbalkon.<\/mark><\/p>\n<\/details>\n\n\n\n<details class=\"wp-block-details\"><summary><mark style=\"background-color:rgba(0, 0, 0, 0)\" class=\"has-inline-color has-accent-4-color is-layout-flow wp-block-details-is-layout-flow\">4-Bett Zimmer<\/mark><\/summary>\n<p><mark style=\"background-color:rgba(0, 0, 0, 0);color:#0f0fec\" class=\"has-inline-color\">Im 4-Bett Zimmer haben sie am Morgen l\u00e4nger dunkel.<br>In diesem Raum finden sie zwei Doppelbetten, ein Waschbecken sowie einen Zugang zum Ostbalkon.<\/mark><\/p>\n<\/details>\n\n\n\n<details class=\"wp-block-details\"><summary><mark style=\"background-color:rgba(0, 0, 0, 0)\" class=\"has-inline-color has-accent-4-color is-layout-flow wp-block-details-is-layout-flow\">kleines Doppelzimmer<\/mark><\/summary>\n<p><mark style=\"background-color:rgba(0, 0, 0, 0);color:#0f0fec\" class=\"has-inline-color\">Im kleinen Doppelzimmer haben sie am Morgen ebenfalls l\u00e4nger dunkel.<br>In diesem Raum finden sie zwei Doppelbetten, ein Waschbecken sowie einen Zugang zum Ostbalkon.<\/mark><\/p>\n<\/details>\n\n\n\n<details class=\"wp-block-details\"><summary><mark style=\"background-color:rgba(0, 0, 0, 0)\" class=\"has-inline-color has-accent-4-color is-layout-flow wp-block-details-is-layout-flow\">K\u00fcche<\/mark><\/summary>\n<p><mark style=\"background-color:rgba(0, 0, 0, 0);color:#0f0fec\" class=\"has-inline-color\">Die K\u00fcche hat alles was f\u00fcr das t\u00e4gliche Kochen ben\u00f6tigt wird.<br>In diesem Raum finden sie au\u00dferdem unsere Gem\u00fctliche Eckbank, sowie einen Zugang zum Westbalkon.<\/mark><\/p>\n\n\n\n<details class=\"wp-block-details is-layout-flow wp-block-details-is-layout-flow\"><summary><\/summary>\n<p><\/p>\n<\/details>\n<\/details>\n<\/blockquote>\n\n\n","protected":false},"excerpt":{"rendered":"<p>Willkommen bei der Ferienwohnung Hammer Unsere VisionUnsere Vision ist es, als Familienbetrieb in Gaschurn, allen unseren G\u00e4sten ein einmaliges Erlebnis zu liefern. Deshalb wird f\u00fcr jeden Gast ein individuelles Angebot erstellt, welches perfekt auf Ihre Bed\u00fcrfnisse abgestimmt ist. Unsere R\u00e4ume:<\/p>\n","protected":false},"author":1,"featured_media":0,"parent":0,"menu_order":0,"comment_status":"closed","ping_status":"closed","template":"","meta":{"footnotes":""},"class_list":["post-8","page","type-page","status-publish","hentry"],"_links":{"self":[{"href":"https:\/\/ferienwohnung-hammer.com\/index.php\/wp-json\/wp\/v2\/pages\/8","targetHints":{"allow":["GET"]}}],"collection":[{"href":"https:\/\/ferienwohnung-hammer.com\/index.php\/wp-json\/wp\/v2\/pages"}],"about":[{"href":"https:\/\/ferienwohnung-hammer.com\/index.php\/wp-json\/wp\/v2\/types\/page"}],"author":[{"embeddable":true,"href":"https:\/\/ferienwohnung-hammer.com\/index.php\/wp-json\/wp\/v2\/users\/1"}],"replies":[{"embeddable":true,"href":"https:\/\/ferienwohnung-hammer.com\/index.php\/wp-json\/wp\/v2\/comments?post=8"}],"version-history":[{"count":10,"href":"https:\/\/ferienwohnung-hammer.com\/index.php\/wp-json\/wp\/v2\/pages\/8\/revisions"}],"predecessor-version":[{"id":47,"href":"https:\/\/ferienwohnung-hammer.com\/index.php\/wp-json\/wp\/v2\/pages\/8\/revisions\/47"}],"wp:attachment":[{"href":"https:\/\/ferienwohnung-hammer.com\/index.php\/wp-json\/wp\/v2\/media?parent=8"}],"curies":[{"name":"wp","href":"https:\/\/api.w.org\/{rel}","templated":true}]}}